{"id":110,"date":"2024-06-07T09:32:53","date_gmt":"2024-06-07T09:32:53","guid":{"rendered":"https:\/\/institutoredemptor.org\/?page_id=110"},"modified":"2024-08-19T18:45:32","modified_gmt":"2024-08-19T18:45:32","slug":"termo-de-autorizacao","status":"publish","type":"page","link":"https:\/\/obrasocialosol.org\/cristoexperience\/termo-de-autorizacao\/","title":{"rendered":"Termo de Autoriza\u00e7\u00e3o"},"content":{"rendered":"<div id='av_section_1'  class='avia-section av-ri4di-48a68e39b107ce7b8d325efab044b164 main_color avia-section-default avia-no-border-styling  avia-builder-el-0  avia-builder-el-no-sibling  avia-bg-style-scroll container_wrap fullsize'  ><div class='container av-section-cont-open' ><main  role=\"main\" itemprop=\"mainContentOfPage\"  class='template-page content  av-content-full alpha units'><div class='post-entry post-entry-type-page post-entry-110'><div class='entry-content-wrapper clearfix'>\n\n<style type=\"text\/css\" data-created_by=\"avia_inline_auto\" id=\"style-css-av-lx4hcbup-eccd0fffcb3224269c4b29b659b02ef3\">\n#top .av-special-heading.av-lx4hcbup-eccd0fffcb3224269c4b29b659b02ef3{\npadding-bottom:10px;\nfont-size:30px;\n}\nbody .av-special-heading.av-lx4hcbup-eccd0fffcb3224269c4b29b659b02ef3 .av-special-heading-tag .heading-char{\nfont-size:25px;\n}\n#top #wrap_all .av-special-heading.av-lx4hcbup-eccd0fffcb3224269c4b29b659b02ef3 .av-special-heading-tag{\nfont-size:30px;\n}\n.av-special-heading.av-lx4hcbup-eccd0fffcb3224269c4b29b659b02ef3 .av-subheading{\nfont-size:15px;\n}\n\n@media only screen and (min-width: 480px) and (max-width: 767px){ \n#top #wrap_all .av-special-heading.av-lx4hcbup-eccd0fffcb3224269c4b29b659b02ef3 .av-special-heading-tag{\nfont-size:0.8em;\n}\n}\n\n@media only screen and (max-width: 479px){ \n#top #wrap_all .av-special-heading.av-lx4hcbup-eccd0fffcb3224269c4b29b659b02ef3 .av-special-heading-tag{\nfont-size:0.8em;\n}\n}\n<\/style>\n<div  class='av-special-heading av-lx4hcbup-eccd0fffcb3224269c4b29b659b02ef3 av-special-heading-h3 blockquote modern-quote  avia-builder-el-1  el_before_av_one_half  avia-builder-el-first  av-inherit-size'><h3 class='av-special-heading-tag'  itemprop=\"headline\"  >Termo de Autoriza\u00e7\u00e3o<\/h3><div class=\"special-heading-border\"><div class=\"special-heading-inner-border\"><\/div><\/div><\/div>\n<div  class='flex_column av-jxj3q-a0e6abeef846039fd642cc5d8864d31f av_one_half  avia-builder-el-2  el_after_av_heading  el_before_av_one_half  first flex_column_div  '     ><section  class='av_textblock_section av-lx4hdqb8-779ce48e923646e88c6cc72a48022ea0 '   itemscope=\"itemscope\" itemtype=\"https:\/\/schema.org\/CreativeWork\" ><div class='avia_textblock'  itemprop=\"text\" ><p>O Termo de Autoriza\u00e7\u00e3o est\u00e1 disponibilizado em formato PDF. Voc\u00ea deve baix\u00e1-lo, preencher o mesmo e envi\u00e1-lo por e-mail para documentosexperience@obrasocialosol.org com no m\u00ednimo 72h de anteced\u00eancia \u00e0 visita.<\/p>\n<\/div><\/section><\/div><div  class='flex_column av-1lp8u-10f76528156e5c52c834e8b48b5e7096 av_one_half  avia-builder-el-4  el_after_av_one_half  avia-builder-el-last  flex_column_div  '     ><p><div  class='avia-buttonrow-wrap av-lx4hjffh-b58649d1fbf972c709c72d2e3ad54a86 avia-buttonrow-center  avia-builder-el-5  el_before_av_buttonrow  avia-builder-el-first '>\n\n<style type=\"text\/css\" data-created_by=\"avia_inline_auto\" id=\"style-css-av-lx4hiy3e-5-6a1782db0e0e1d448fb29a8355850c5b\">\n#top #wrap_all .avia-button.av-lx4hiy3e-5-6a1782db0e0e1d448fb29a8355850c5b{\nmargin-bottom:5px;\nmargin-right:3px;\nmargin-left:3px;\n}\n<\/style>\n<a href='https:\/\/obrasocialosol.org\/cristoexperience\/wp-content\/uploads\/2024\/08\/Termo-de-Autorizacao-Adultos.pdf'  class='avia-button av-lx4hiy3e-5-6a1782db0e0e1d448fb29a8355850c5b avia-icon_select-no avia-size-small avia-color-theme-color'  ><span class='avia_iconbox_title' >Termo Autoriza\u00e7\u00e3o - Adultos<\/span><\/a>\n<\/div><br \/>\n<div  class='avia-buttonrow-wrap av-m01chs9k-c55dabff4fd56c24a76d02ab502a218b avia-buttonrow-center  avia-builder-el-6  el_after_av_buttonrow  el_before_av_buttonrow '>\n\n<style type=\"text\/css\" data-created_by=\"avia_inline_auto\" id=\"style-css-av-m01chqje-5d3a7a91b655b8dc77ce3a8c24f97f7c\">\n#top #wrap_all .avia-button.av-m01chqje-5d3a7a91b655b8dc77ce3a8c24f97f7c{\nmargin-bottom:5px;\nmargin-right:3px;\nmargin-left:3px;\n}\n<\/style>\n<a href='https:\/\/obrasocialosol.org\/cristoexperience\/wp-content\/uploads\/2024\/08\/Termo-de-Autorizacao-Menores-de-18-anos.pdf'  class='avia-button av-m01chqje-5d3a7a91b655b8dc77ce3a8c24f97f7c avia-icon_select-no avia-size-small avia-color-theme-color'  ><span class='avia_iconbox_title' >Termo Autoriza\u00e7\u00e3o - Menores de 18 anos<\/span><\/a>\n<\/div><br \/>\n<div  class='avia-buttonrow-wrap av-m01ci8t5-f6ec609477ee40b88929d5effd0d6222 avia-buttonrow-center  avia-builder-el-7  el_after_av_buttonrow  avia-builder-el-last '>\n\n<style type=\"text\/css\" data-created_by=\"avia_inline_auto\" id=\"style-css-av-m01ci89d-0c4ab40b7aa7c2868c99556cda54c0cb\">\n#top #wrap_all .avia-button.av-m01ci89d-0c4ab40b7aa7c2868c99556cda54c0cb{\nmargin-bottom:5px;\nmargin-right:3px;\nmargin-left:3px;\n}\n<\/style>\n<a href='https:\/\/obrasocialosol.org\/cristoexperience\/wp-content\/uploads\/2024\/08\/Dados-dos-participantes.xlsx'  class='avia-button av-m01ci89d-0c4ab40b7aa7c2868c99556cda54c0cb avia-icon_select-no avia-size-small avia-color-theme-color'  ><span class='avia_iconbox_title' >Ficha dos Participantes<\/span><\/a>\n<\/div><\/p><\/div>\n","protected":false},"excerpt":{"rendered":"","protected":false},"author":1,"featured_media":0,"parent":0,"menu_order":0,"comment_status":"closed","ping_status":"closed","template":"","meta":{"nf_dc_page":"","iawp_total_views":872,"_joinchat":[],"footnotes":""},"class_list":["post-110","page","type-page","status-publish","hentry"],"_links":{"self":[{"href":"https:\/\/obrasocialosol.org\/cristoexperience\/wp-json\/wp\/v2\/pages\/110","targetHints":{"allow":["GET"]}}],"collection":[{"href":"https:\/\/obrasocialosol.org\/cristoexperience\/wp-json\/wp\/v2\/pages"}],"about":[{"href":"https:\/\/obrasocialosol.org\/cristoexperience\/wp-json\/wp\/v2\/types\/page"}],"author":[{"embeddable":true,"href":"https:\/\/obrasocialosol.org\/cristoexperience\/wp-json\/wp\/v2\/users\/1"}],"replies":[{"embeddable":true,"href":"https:\/\/obrasocialosol.org\/cristoexperience\/wp-json\/wp\/v2\/comments?post=110"}],"version-history":[{"count":5,"href":"https:\/\/obrasocialosol.org\/cristoexperience\/wp-json\/wp\/v2\/pages\/110\/revisions"}],"predecessor-version":[{"id":267,"href":"https:\/\/obrasocialosol.org\/cristoexperience\/wp-json\/wp\/v2\/pages\/110\/revisions\/267"}],"wp:attachment":[{"href":"https:\/\/obrasocialosol.org\/cristoexperience\/wp-json\/wp\/v2\/media?parent=110"}],"curies":[{"name":"wp","href":"https:\/\/api.w.org\/{rel}","templated":true}]}}