{"id":6064,"date":"2025-01-28T14:04:24","date_gmt":"2025-01-28T14:04:24","guid":{"rendered":"https:\/\/obrasocialosol.org\/cristoexperience\/?page_id=6064"},"modified":"2025-01-28T14:10:10","modified_gmt":"2025-01-28T14:10:10","slug":"curiosidades","status":"publish","type":"page","link":"https:\/\/obrasocialosol.org\/cristoexperience\/curiosidades\/","title":{"rendered":"Curiosidades"},"content":{"rendered":"\n<style type=\"text\/css\" data-created_by=\"avia_inline_auto\" id=\"style-css-av-m6gjzpdn-dc0a689247434bcee48be85cdee0b1a6\">\n.avia-section.av-m6gjzpdn-dc0a689247434bcee48be85cdee0b1a6{\nbackground-color:#262455;\nbackground-image:unset;\nposition:relative;\n}\n.avia-section.av-m6gjzpdn-dc0a689247434bcee48be85cdee0b1a6 .avia-divider-svg-bottom svg{\nheight:50px;\nwidth:calc(100% + 1.3px);\nfill:#ffffff;\n}\n<\/style>\n<div id='noticias'  class='avia-section av-m6gjzpdn-dc0a689247434bcee48be85cdee0b1a6 alternate_color avia-section-default avia-no-border-styling  avia-builder-el-0  el_before_av_section  avia-builder-el-first  avia-bg-style-scroll container_wrap fullsize'  ><div class='avia-divider-svg avia-divider-svg-mountains avia-divider-svg-bottom avia-svg-original'><svg xmlns=\"http:\/\/www.w3.org\/2000\/svg\" viewBox=\"0 0 1000 100\" preserveAspectRatio=\"none\">\n\t<path opacity=\"0.33\" d=\"M473,67.3c-203.9,88.3-263.1-34-320.3,0C66,119.1,0,59.7,0,59.7V0h1000v59.7 c0,0-62.1,26.1-94.9,29.3c-32.8,3.3-62.8-12.3-75.8-22.1C806,49.6,745.3,8.7,694.9,4.7S492.4,59,473,67.3z\"\/>\n\t<path opacity=\"0.66\" d=\"M734,67.3c-45.5,0-77.2-23.2-129.1-39.1c-28.6-8.7-150.3-10.1-254,39.1 s-91.7-34.4-149.2,0C115.7,118.3,0,39.8,0,39.8V0h1000v36.5c0,0-28.2-18.5-92.1-18.5C810.2,18.1,775.7,67.3,734,67.3z\"\/>\n\t<path d=\"M766.1,28.9c-200-57.5-266,65.5-395.1,19.5C242,1.8,242,5.4,184.8,20.6C128,35.8,132.3,44.9,89.9,52.5C28.6,63.7,0,0,0,0 h1000c0,0-9.9,40.9-83.6,48.1S829.6,47,766.1,28.9z\"\/>\n<\/svg><\/div><div class='container av-section-cont-open' ><main  role=\"main\" itemprop=\"mainContentOfPage\"  class='template-page content  av-content-full alpha units'><div class='post-entry post-entry-type-page post-entry-6064'><div class='entry-content-wrapper clearfix'>\n<div class='flex_column_table av-9ip8hc-69b874f46e3144633ffd93f8653bdf13 sc-av_one_third av-equal-height-column-flextable'><div  class='flex_column av-9ip8hc-69b874f46e3144633ffd93f8653bdf13 av_one_third  avia-builder-el-1  el_before_av_one_third  avia-builder-el-first  first flex_column_table_cell av-equal-height-column av-align-middle  '     ><\/div><div class='av-flex-placeholder'><\/div><div  class='flex_column av-r22eo-6f90c2e691dff42d6cf38bff2ad49a52 av_one_third  avia-builder-el-2  el_after_av_one_third  el_before_av_one_third  flex_column_table_cell av-equal-height-column av-align-middle  '     ><style type=\"text\/css\" data-created_by=\"avia_inline_auto\" id=\"style-css-av-l1l74-703d63d7607e1ae076647f55432f27e0\">\n.avia-image-container.av-l1l74-703d63d7607e1ae076647f55432f27e0 img.avia_image{\nbox-shadow:none;\n}\n.avia-image-container.av-l1l74-703d63d7607e1ae076647f55432f27e0 .av-image-caption-overlay-center{\ncolor:#ffffff;\n}\n<\/style>\n<div  class='avia-image-container av-l1l74-703d63d7607e1ae076647f55432f27e0 av-styling- avia_animated_image av-animated-when-visible-95 fade-in avia-align-center  avia-builder-el-3  avia-builder-el-no-sibling '   itemprop=\"image\" itemscope=\"itemscope\" itemtype=\"https:\/\/schema.org\/ImageObject\" ><div class=\"avia-image-container-inner\"><div class=\"avia-image-overlay-wrap\"><img decoding=\"async\" fetchpriority=\"high\" class='wp-image-6077 avia-img-lazy-loading-not-6077 avia_image ' src=\"https:\/\/obrasocialosol.org\/cristoexperience\/wp-content\/uploads\/2025\/01\/curiosidades.jpg\" alt='' title='curiosidades'  height=\"625\" width=\"804\"  itemprop=\"thumbnailUrl\" srcset=\"https:\/\/obrasocialosol.org\/cristoexperience\/wp-content\/uploads\/2025\/01\/curiosidades.jpg 804w, https:\/\/obrasocialosol.org\/cristoexperience\/wp-content\/uploads\/2025\/01\/curiosidades-300x233.jpg 300w, https:\/\/obrasocialosol.org\/cristoexperience\/wp-content\/uploads\/2025\/01\/curiosidades-768x597.jpg 768w, https:\/\/obrasocialosol.org\/cristoexperience\/wp-content\/uploads\/2025\/01\/curiosidades-705x548.jpg 705w\" sizes=\"(max-width: 804px) 100vw, 804px\" \/><\/div><\/div><\/div><\/div><div class='av-flex-placeholder'><\/div><div  class='flex_column av-3mtx5c-86c6e3b4f15da23fd27180f3b78cf546 av_one_third  avia-builder-el-4  el_after_av_one_third  avia-builder-el-last  flex_column_table_cell av-equal-height-column av-align-middle  '     ><\/div><\/div><!--close column table wrapper. Autoclose: 1 --><\/div><\/div><\/main><!-- close content main element --><\/div><\/div><div id='av_section_2'  class='avia-section av-1ombq-b2ccb6595692a7ff6221c42f492925a6 main_color avia-section-default avia-no-border-styling  avia-builder-el-5  el_after_av_section  avia-builder-el-last  avia-bg-style-scroll container_wrap fullsize'  ><div class='container av-section-cont-open' ><div class='template-page content  av-content-full alpha units'><div class='post-entry post-entry-type-page post-entry-6064'><div class='entry-content-wrapper clearfix'>\n<div class='flex_column_table av-lx4gt5z1-af7e5aba916656b6a1a560946f9713ae sc-av_one_third av-equal-height-column-flextable'><div  class='flex_column av-lx4gt5z1-af7e5aba916656b6a1a560946f9713ae av_one_third  avia-builder-el-6  el_before_av_one_third  avia-builder-el-first  first flex_column_table_cell av-equal-height-column av-align-top  '     ><p>\n<style type=\"text\/css\" data-created_by=\"avia_inline_auto\" id=\"style-css-av-lx4gt0bs-426274edeccbb31e81eb105f7b45d49e\">\n.avia-image-container.av-lx4gt0bs-426274edeccbb31e81eb105f7b45d49e img.avia_image{\nbox-shadow:none;\n}\n.avia-image-container.av-lx4gt0bs-426274edeccbb31e81eb105f7b45d49e .av-image-caption-overlay-center{\ncolor:#ffffff;\n}\n<\/style>\n<div  class='avia-image-container av-lx4gt0bs-426274edeccbb31e81eb105f7b45d49e av-styling- avia_animated_image av-animated-when-visible-95 right-to-left avia-align-center  avia-builder-el-7  el_before_av_heading  avia-builder-el-first '   itemprop=\"image\" itemscope=\"itemscope\" itemtype=\"https:\/\/schema.org\/ImageObject\" ><div class=\"avia-image-container-inner\"><div class=\"avia-image-overlay-wrap\"><img decoding=\"async\" fetchpriority=\"high\" class='wp-image-6073 avia-img-lazy-loading-not-6073 avia_image ' src=\"https:\/\/obrasocialosol.org\/cristoexperience\/wp-content\/uploads\/2025\/01\/maxresdefault-1.jpg\" alt='' title='maxresdefault'  height=\"567\" width=\"1008\"  itemprop=\"thumbnailUrl\" srcset=\"https:\/\/obrasocialosol.org\/cristoexperience\/wp-content\/uploads\/2025\/01\/maxresdefault-1.jpg 1008w, https:\/\/obrasocialosol.org\/cristoexperience\/wp-content\/uploads\/2025\/01\/maxresdefault-1-300x169.jpg 300w, https:\/\/obrasocialosol.org\/cristoexperience\/wp-content\/uploads\/2025\/01\/maxresdefault-1-768x432.jpg 768w, https:\/\/obrasocialosol.org\/cristoexperience\/wp-content\/uploads\/2025\/01\/maxresdefault-1-705x397.jpg 705w\" sizes=\"(max-width: 1008px) 100vw, 1008px\" \/><\/div><\/div><\/div><br \/>\n\n<style type=\"text\/css\" data-created_by=\"avia_inline_auto\" id=\"style-css-av-lx4gpfj0-65c35a51a626540c4b72817383bdc4fa\">\n#top .av-special-heading.av-lx4gpfj0-65c35a51a626540c4b72817383bdc4fa{\npadding-bottom:10px;\nfont-size:30px;\n}\nbody .av-special-heading.av-lx4gpfj0-65c35a51a626540c4b72817383bdc4fa .av-special-heading-tag .heading-char{\nfont-size:25px;\n}\n#top #wrap_all .av-special-heading.av-lx4gpfj0-65c35a51a626540c4b72817383bdc4fa .av-special-heading-tag{\nfont-size:30px;\n}\n.av-special-heading.av-lx4gpfj0-65c35a51a626540c4b72817383bdc4fa .av-subheading{\nfont-size:15px;\n}\n\n@media only screen and (min-width: 480px) and (max-width: 767px){ \n#top #wrap_all .av-special-heading.av-lx4gpfj0-65c35a51a626540c4b72817383bdc4fa .av-special-heading-tag{\nfont-size:0.8em;\n}\n}\n\n@media only screen and (max-width: 479px){ \n#top #wrap_all .av-special-heading.av-lx4gpfj0-65c35a51a626540c4b72817383bdc4fa .av-special-heading-tag{\nfont-size:0.8em;\n}\n}\n<\/style>\n<div  class='av-special-heading av-lx4gpfj0-65c35a51a626540c4b72817383bdc4fa av-special-heading-h3 blockquote modern-quote  avia-builder-el-8  el_after_av_image  el_before_av_textblock  av-inherit-size'><h3 class='av-special-heading-tag'  itemprop=\"headline\"  >Presente da Fran\u00e7a?<\/h3><div class=\"special-heading-border\"><div class=\"special-heading-inner-border\"><\/div><\/div><\/div><br \/>\n<section  class='av_textblock_section av-lx4gq1f3-8ed90dfd8f420b37aa71ca4c4e2a44f5 '   itemscope=\"itemscope\" itemtype=\"https:\/\/schema.org\/CreativeWork\" ><div class='avia_textblock'  itemprop=\"text\" ><p><span style=\"font-weight: 400;\">Ao contr\u00e1rio do que muitos pensam, o Cristo n\u00e3o foi um presente do governo franc\u00eas para o Brasil.<\/span><\/p>\n<p><span style=\"font-weight: 400;\">Em 1922, um abaixo-assinado com mais de 20 mil assinaturas, organizado pela escritora Laurita Lacerda e com a ativa participa\u00e7\u00e3o de mulheres, solicitando que a est\u00e1tua fosse constru\u00edda no Morro do Corcovado, foi entregue ao presidente Epit\u00e1cio Pessoa, que concedeu a autoriza\u00e7\u00e3o.<\/span><\/p>\n<p><span style=\"font-weight: 400;\">No ano seguinte, teve in\u00edcio uma grande campanha de arrecada\u00e7\u00e3o de recursos para a constru\u00e7\u00e3o do monumento, sob a coordena\u00e7\u00e3o de Dom Sebasti\u00e3o Leme, cardeal do Rio de Janeiro.<\/span><\/p>\n<p><span style=\"font-weight: 400;\">Com o projeto do engenheiro brasileiro Heitor da Silva Costa selecionado para a obra, o Cristo Redentor foi desenhado pelo artista pl\u00e1stico Carlos Oswald, projetado pelo escultor Paul Landowski, e a cabe\u00e7a foi executada por Gheorghe Leonida, tamb\u00e9m escultor, enquanto os c\u00e1lculos estruturais da obra foram feitos por Albert Caquot.<\/span><\/p>\n<p><span style=\"font-weight: 400;\">A obra de instala\u00e7\u00e3o do Cristo Redentor come\u00e7ou em 1926. De execu\u00e7\u00e3o considerada complicad\u00edssima, durou cinco anos. As pe\u00e7as foram transportadas de trem, pois ainda n\u00e3o havia estrada de rodagem at\u00e9 o Corcovado, s\u00f3 inaugurada em 1936.<\/span><\/p>\n<p><span style=\"font-weight: 400;\">Os moldes de gesso foram recortados e remontados e concretados no s\u00edtio do arquiteto Heitor Levy, em S\u00e3o Gon\u00e7alo. As \u00fanicas partes constru\u00eddas na Fran\u00e7a foram os moldes da cabe\u00e7a e das m\u00e3os, por\u00e9m em gesso, em tamanho natural, que foram recortadas, trazidas ao Brasil e aqui reconstru\u00eddas em concreto armado.<\/span><\/p>\n<p><span style=\"font-weight: 400;\">Totalmente constru\u00eddo a partir de doa\u00e7\u00f5es populares, o Cristo Redentor \u00e9 um presente dos brasileiros para a humanidade!<\/span><\/p>\n<\/div><\/section><\/p><\/div><div class='av-flex-placeholder'><\/div><div  class='flex_column av-4sgz74-e3438909bdeb60cad6b688e3077e3458 av_one_third  avia-builder-el-10  el_after_av_one_third  el_before_av_one_third  flex_column_table_cell av-equal-height-column av-align-top  '     ><p>\n<style type=\"text\/css\" data-created_by=\"avia_inline_auto\" id=\"style-css-av-m6gjpa5e-1ecc0b8ed3ccefef69a01d646780c282\">\n.avia-image-container.av-m6gjpa5e-1ecc0b8ed3ccefef69a01d646780c282 img.avia_image{\nbox-shadow:none;\n}\n.avia-image-container.av-m6gjpa5e-1ecc0b8ed3ccefef69a01d646780c282 .av-image-caption-overlay-center{\ncolor:#ffffff;\n}\n<\/style>\n<div  class='avia-image-container av-m6gjpa5e-1ecc0b8ed3ccefef69a01d646780c282 av-styling- avia_animated_image av-animated-when-visible-95 right-to-left avia-align-center  avia-builder-el-11  el_before_av_heading  avia-builder-el-first '   itemprop=\"image\" itemscope=\"itemscope\" itemtype=\"https:\/\/schema.org\/ImageObject\" ><div class=\"avia-image-container-inner\"><div class=\"avia-image-overlay-wrap\"><img decoding=\"async\" fetchpriority=\"high\" class='wp-image-6071 avia-img-lazy-loading-not-6071 avia_image ' src=\"https:\/\/obrasocialosol.org\/cristoexperience\/wp-content\/uploads\/2025\/01\/09bola-1.jpg\" alt='' title='09bola'  height=\"567\" width=\"1008\"  itemprop=\"thumbnailUrl\" srcset=\"https:\/\/obrasocialosol.org\/cristoexperience\/wp-content\/uploads\/2025\/01\/09bola-1.jpg 1008w, https:\/\/obrasocialosol.org\/cristoexperience\/wp-content\/uploads\/2025\/01\/09bola-1-300x169.jpg 300w, https:\/\/obrasocialosol.org\/cristoexperience\/wp-content\/uploads\/2025\/01\/09bola-1-768x432.jpg 768w, https:\/\/obrasocialosol.org\/cristoexperience\/wp-content\/uploads\/2025\/01\/09bola-1-705x397.jpg 705w\" sizes=\"(max-width: 1008px) 100vw, 1008px\" \/><\/div><\/div><\/div><br \/>\n\n<style type=\"text\/css\" data-created_by=\"avia_inline_auto\" id=\"style-css-av-m6gjmlwx-ab5b7dccd1c9169ded325fc1755fcb7c\">\n#top .av-special-heading.av-m6gjmlwx-ab5b7dccd1c9169ded325fc1755fcb7c{\npadding-bottom:10px;\nfont-size:30px;\n}\nbody .av-special-heading.av-m6gjmlwx-ab5b7dccd1c9169ded325fc1755fcb7c .av-special-heading-tag .heading-char{\nfont-size:25px;\n}\n#top #wrap_all .av-special-heading.av-m6gjmlwx-ab5b7dccd1c9169ded325fc1755fcb7c .av-special-heading-tag{\nfont-size:30px;\n}\n.av-special-heading.av-m6gjmlwx-ab5b7dccd1c9169ded325fc1755fcb7c .av-subheading{\nfont-size:15px;\n}\n\n@media only screen and (min-width: 480px) and (max-width: 767px){ \n#top #wrap_all .av-special-heading.av-m6gjmlwx-ab5b7dccd1c9169ded325fc1755fcb7c .av-special-heading-tag{\nfont-size:0.8em;\n}\n}\n\n@media only screen and (max-width: 479px){ \n#top #wrap_all .av-special-heading.av-m6gjmlwx-ab5b7dccd1c9169ded325fc1755fcb7c .av-special-heading-tag{\nfont-size:0.8em;\n}\n}\n<\/style>\n<div  class='av-special-heading av-m6gjmlwx-ab5b7dccd1c9169ded325fc1755fcb7c av-special-heading-h3 blockquote modern-quote  avia-builder-el-12  el_after_av_image  el_before_av_textblock  av-inherit-size'><h3 class='av-special-heading-tag'  itemprop=\"headline\"  >Cristo da bola<\/h3><div class=\"special-heading-border\"><div class=\"special-heading-inner-border\"><\/div><\/div><\/div><br \/>\n<section  class='av_textblock_section av-m6gjmxow-2c1bf47fb0ffdef7227f337983f18fb9 '   itemscope=\"itemscope\" itemtype=\"https:\/\/schema.org\/CreativeWork\" ><div class='avia_textblock'  itemprop=\"text\" ><p><span style=\"font-weight: 400;\">Voc\u00ea sabia que o Cristo Redentor quase foi bem diferente? Quando o engenheiro Heitor da Silva Costa venceu o concurso nacional em 1921, ele imaginou um Jesus segurando o globo terrestre em uma m\u00e3o e uma cruz na outra, inspirado no Cristo dos Andes. Mas os cariocas, apaixonados por futebol, logo apelidaram a est\u00e1tua de &#8216;Cristo da Bola&#8217;, transformando o globo em uma bola de futebol na imagina\u00e7\u00e3o popular.<\/span><\/p>\n<p><span style=\"font-weight: 400;\">Com a ideia gerando piadas e cr\u00edticas, especialmente da Escola Nacional de Belas Artes, o cardeal Dom Sebasti\u00e3o Leme, grande l\u00edder da Igreja no Brasil, interveio. Ele pediu que a est\u00e1tua tivesse &#8216;alto conte\u00fado simb\u00f3lico&#8217; e que pudesse ser vista de longe como uma cruz.<\/span><\/p>\n<p><span style=\"font-weight: 400;\">A inspira\u00e7\u00e3o para o Cristo que conhecemos hoje veio de um detalhe inusitado: Heitor, observando uma antena de telecomunica\u00e7\u00e3o com bra\u00e7os transversais em Botafogo, teve a ideia de criar um Jesus com os bra\u00e7os abertos, formando uma cruz gigante vista de longe. E foi assim que nasceu o \u00edcone do Rio de Janeiro que conquistou o mundo!<\/span><\/p>\n<\/div><\/section><\/p><\/div><div class='av-flex-placeholder'><\/div><div  class='flex_column av-1w7z68-ae9e504b3e74c3e6c27dfaea3e98e786 av_one_third  avia-builder-el-14  el_after_av_one_third  avia-builder-el-last  flex_column_table_cell av-equal-height-column av-align-top  '     ><p>\n<style type=\"text\/css\" data-created_by=\"avia_inline_auto\" id=\"style-css-av-m6gjsugy-2d02851cc08c62266782c8ad16380fa0\">\n.avia-image-container.av-m6gjsugy-2d02851cc08c62266782c8ad16380fa0 img.avia_image{\nbox-shadow:none;\n}\n.avia-image-container.av-m6gjsugy-2d02851cc08c62266782c8ad16380fa0 .av-image-caption-overlay-center{\ncolor:#ffffff;\n}\n<\/style>\n<div  class='avia-image-container av-m6gjsugy-2d02851cc08c62266782c8ad16380fa0 av-styling- avia_animated_image av-animated-when-visible-95 right-to-left avia-align-center  avia-builder-el-15  el_before_av_heading  avia-builder-el-first '   itemprop=\"image\" itemscope=\"itemscope\" itemtype=\"https:\/\/schema.org\/ImageObject\" ><div class=\"avia-image-container-inner\"><div class=\"avia-image-overlay-wrap\"><img decoding=\"async\" fetchpriority=\"high\" class='wp-image-6072 avia-img-lazy-loading-not-6072 avia_image ' src=\"https:\/\/obrasocialosol.org\/cristoexperience\/wp-content\/uploads\/2025\/01\/cristo-redentor-95-1.jpg\" alt='' title='cristo-redentor-95'  height=\"567\" width=\"1008\"  itemprop=\"thumbnailUrl\" srcset=\"https:\/\/obrasocialosol.org\/cristoexperience\/wp-content\/uploads\/2025\/01\/cristo-redentor-95-1.jpg 1008w, https:\/\/obrasocialosol.org\/cristoexperience\/wp-content\/uploads\/2025\/01\/cristo-redentor-95-1-300x169.jpg 300w, https:\/\/obrasocialosol.org\/cristoexperience\/wp-content\/uploads\/2025\/01\/cristo-redentor-95-1-768x432.jpg 768w, https:\/\/obrasocialosol.org\/cristoexperience\/wp-content\/uploads\/2025\/01\/cristo-redentor-95-1-705x397.jpg 705w\" sizes=\"(max-width: 1008px) 100vw, 1008px\" \/><\/div><\/div><\/div><br \/>\n\n<style type=\"text\/css\" data-created_by=\"avia_inline_auto\" id=\"style-css-av-m6gjpgoh-bd0d73b403957f951bdee858bde41d1c\">\n#top .av-special-heading.av-m6gjpgoh-bd0d73b403957f951bdee858bde41d1c{\npadding-bottom:10px;\nfont-size:30px;\n}\nbody .av-special-heading.av-m6gjpgoh-bd0d73b403957f951bdee858bde41d1c .av-special-heading-tag .heading-char{\nfont-size:25px;\n}\n#top #wrap_all .av-special-heading.av-m6gjpgoh-bd0d73b403957f951bdee858bde41d1c .av-special-heading-tag{\nfont-size:30px;\n}\n.av-special-heading.av-m6gjpgoh-bd0d73b403957f951bdee858bde41d1c .av-subheading{\nfont-size:15px;\n}\n\n@media only screen and (min-width: 480px) and (max-width: 767px){ \n#top #wrap_all .av-special-heading.av-m6gjpgoh-bd0d73b403957f951bdee858bde41d1c .av-special-heading-tag{\nfont-size:0.8em;\n}\n}\n\n@media only screen and (max-width: 479px){ \n#top #wrap_all .av-special-heading.av-m6gjpgoh-bd0d73b403957f951bdee858bde41d1c .av-special-heading-tag{\nfont-size:0.8em;\n}\n}\n<\/style>\n<div  class='av-special-heading av-m6gjpgoh-bd0d73b403957f951bdee858bde41d1c av-special-heading-h3 blockquote modern-quote  avia-builder-el-16  el_after_av_image  el_before_av_textblock  av-inherit-size'><h3 class='av-special-heading-tag'  itemprop=\"headline\"  >Cristo e as m\u00e3os femininas<\/h3><div class=\"special-heading-border\"><div class=\"special-heading-inner-border\"><\/div><\/div><\/div><br \/>\n<section  class='av_textblock_section av-m6gjpoiy-db062aab826795a61908836711ce3e9c '   itemscope=\"itemscope\" itemtype=\"https:\/\/schema.org\/CreativeWork\" ><div class='avia_textblock'  itemprop=\"text\" ><p><span style=\"font-weight: 400;\">O cart\u00e3o postal mais famoso do Rio de Janeiro tem, literalmente, m\u00e3os femininas. Desde a mobiliza\u00e7\u00e3o pela autoriza\u00e7\u00e3o para a coloca\u00e7\u00e3o da est\u00e1tua no alto do Corcovado at\u00e9 a campanha para obten\u00e7\u00e3o de recursos para a constru\u00e7\u00e3o do monumento, o Cristo Redentor \u00e9 um exemplo de empoderamento e protagonismo feminino.<\/span><\/p>\n<p><span style=\"font-weight: 400;\">Quem deu forma a cada mosaico da est\u00e1tua do Cristo, foram mulheres que se revezavam na Matriz de Nossa Senhora da Gl\u00f3ria, no Largo do Machado. Elas trabalhavam com pastilhas triangulares fin\u00edssimas, de 3 mil\u00edmetros de espessura e 4 cm de largura.<\/span><\/p>\n<p><span style=\"font-weight: 400;\">Foram m\u00e3os femininas que ajudaram a colar, uma a uma, as pastilhas triangulares que cobrem toda a imagem, formadas por esteatita, ou pedra-sab\u00e3o \u2014 um material altamente resistente, que n\u00e3o muda de cor, n\u00e3o ret\u00e9m calor, n\u00e3o se dilata nem se contrai, resiste a \u00e1cidos e n\u00e3o absorve a \u00e1gua da chuva.<\/span><\/p>\n<p><span style=\"font-weight: 400;\">Reza a lenda que Paul Landowski teria usado as m\u00e3os da poetisa, atriz e declamadora Margarida Lopes de Almeida como modelos para as m\u00e3os da est\u00e1tua. Ela sempre confirmou essa hist\u00f3ria, mas pouco antes de morrer, em 1979, a desmentiu, deixando uma d\u00favida quanto \u00e0 sua veracidade. Esse relato \u00e9 contestado, e muitos atribuem tal confiss\u00e3o \u00e0 caquexia.<\/span><\/p>\n<\/div><\/section><\/p><\/div><\/div><!--close column table wrapper. Autoclose: 1 -->\n<\/p>\n","protected":false},"excerpt":{"rendered":"","protected":false},"author":1,"featured_media":0,"parent":0,"menu_order":0,"comment_status":"closed","ping_status":"closed","template":"","meta":{"nf_dc_page":"","iawp_total_views":279,"_joinchat":[],"footnotes":""},"class_list":["post-6064","page","type-page","status-publish","hentry"],"_links":{"self":[{"href":"https:\/\/obrasocialosol.org\/cristoexperience\/wp-json\/wp\/v2\/pages\/6064","targetHints":{"allow":["GET"]}}],"collection":[{"href":"https:\/\/obrasocialosol.org\/cristoexperience\/wp-json\/wp\/v2\/pages"}],"about":[{"href":"https:\/\/obrasocialosol.org\/cristoexperience\/wp-json\/wp\/v2\/types\/page"}],"author":[{"embeddable":true,"href":"https:\/\/obrasocialosol.org\/cristoexperience\/wp-json\/wp\/v2\/users\/1"}],"replies":[{"embeddable":true,"href":"https:\/\/obrasocialosol.org\/cristoexperience\/wp-json\/wp\/v2\/comments?post=6064"}],"version-history":[{"count":5,"href":"https:\/\/obrasocialosol.org\/cristoexperience\/wp-json\/wp\/v2\/pages\/6064\/revisions"}],"predecessor-version":[{"id":6081,"href":"https:\/\/obrasocialosol.org\/cristoexperience\/wp-json\/wp\/v2\/pages\/6064\/revisions\/6081"}],"wp:attachment":[{"href":"https:\/\/obrasocialosol.org\/cristoexperience\/wp-json\/wp\/v2\/media?parent=6064"}],"curies":[{"name":"wp","href":"https:\/\/api.w.org\/{rel}","templated":true}]}}