{"id":89,"date":"2024-06-07T09:07:52","date_gmt":"2024-06-07T09:07:52","guid":{"rendered":"https:\/\/institutoredemptor.org\/?page_id=89"},"modified":"2024-11-18T12:17:00","modified_gmt":"2024-11-18T12:17:00","slug":"o-projeto","status":"publish","type":"page","link":"https:\/\/obrasocialosol.org\/cristoexperience\/o-projeto\/","title":{"rendered":"O Projeto"},"content":{"rendered":"<div id='av_section_1'  class='avia-section av-3g7ad-fe4f77d784d7377d63746fcc7c79aa5c main_color avia-section-default avia-no-border-styling  avia-builder-el-0  avia-builder-el-no-sibling  avia-bg-style-scroll container_wrap fullsize'  ><div class='container av-section-cont-open' ><main  role=\"main\" itemprop=\"mainContentOfPage\"  class='template-page content  av-content-full alpha units'><div class='post-entry post-entry-type-page post-entry-89'><div class='entry-content-wrapper clearfix'>\n\n<style type=\"text\/css\" data-created_by=\"avia_inline_auto\" id=\"style-css-av-lx4gjlw4-4f51d18b39f36f3c5fcf6cd0c774d746\">\n#top .av-special-heading.av-lx4gjlw4-4f51d18b39f36f3c5fcf6cd0c774d746{\npadding-bottom:10px;\nfont-size:30px;\n}\nbody .av-special-heading.av-lx4gjlw4-4f51d18b39f36f3c5fcf6cd0c774d746 .av-special-heading-tag .heading-char{\nfont-size:25px;\n}\n#top #wrap_all .av-special-heading.av-lx4gjlw4-4f51d18b39f36f3c5fcf6cd0c774d746 .av-special-heading-tag{\nfont-size:30px;\n}\n.av-special-heading.av-lx4gjlw4-4f51d18b39f36f3c5fcf6cd0c774d746 .av-subheading{\nfont-size:15px;\n}\n\n@media only screen and (min-width: 480px) and (max-width: 767px){ \n#top #wrap_all .av-special-heading.av-lx4gjlw4-4f51d18b39f36f3c5fcf6cd0c774d746 .av-special-heading-tag{\nfont-size:0.8em;\n}\n}\n\n@media only screen and (max-width: 479px){ \n#top #wrap_all .av-special-heading.av-lx4gjlw4-4f51d18b39f36f3c5fcf6cd0c774d746 .av-special-heading-tag{\nfont-size:0.8em;\n}\n}\n<\/style>\n<div  class='av-special-heading av-lx4gjlw4-4f51d18b39f36f3c5fcf6cd0c774d746 av-special-heading-h3 blockquote modern-quote  avia-builder-el-1  el_before_av_one_half  avia-builder-el-first  av-inherit-size'><h3 class='av-special-heading-tag'  itemprop=\"headline\"  >O Projeto<\/h3><div class=\"special-heading-border\"><div class=\"special-heading-inner-border\"><\/div><\/div><\/div>\n<div class='flex_column_table av-lx4gn4iz-5a65d942bc17813093ff83bb7aa85206 sc-av_one_half av-equal-height-column-flextable'><div  class='flex_column av-lx4gn4iz-5a65d942bc17813093ff83bb7aa85206 av_one_half  avia-builder-el-2  el_after_av_heading  el_before_av_one_half  first flex_column_table_cell av-equal-height-column av-align-middle  '     ><style type=\"text\/css\" data-created_by=\"avia_inline_auto\" id=\"style-css-av-lx4gk2yb-8fdb6aaffecbffe41dce79d3ba8f2014\">\n#top .av_textblock_section.av-lx4gk2yb-8fdb6aaffecbffe41dce79d3ba8f2014 .avia_textblock{\nfont-size:16px;\n}\n<\/style>\n<section  class='av_textblock_section av-lx4gk2yb-8fdb6aaffecbffe41dce79d3ba8f2014 '   itemscope=\"itemscope\" itemtype=\"https:\/\/schema.org\/CreativeWork\" ><div class='avia_textblock'  itemprop=\"text\" ><p><span style=\"font-weight: 400;\">O <strong>&#8220;Cristo Redentor Experience&#8221;<\/strong> \u00e9 um projeto inovador dedicado \u00e0 preserva\u00e7\u00e3o da hist\u00f3ria e mem\u00f3ria cultural do <strong>Santu\u00e1rio Arquidiocesano Cristo Redentor<\/strong>, um s\u00edmbolo incontest\u00e1vel da cidade do Rio de Janeiro. Este projeto, concebido pelo <strong>O Sol<\/strong>, com a miss\u00e3o de enriquecer a experi\u00eancia dos visitantes, busca criar uma imers\u00e3o envolvente, utilizando narrativas interativas para transportar os visitantes a diferentes per\u00edodos da hist\u00f3ria do monumento. Ao explorar suas origens, desde a concep\u00e7\u00e3o at\u00e9 a constru\u00e7\u00e3o, bem como os desafios enfrentados ao longo do tempo, os visitantes ser\u00e3o convidados a mergulhar nas diversas camadas de significado cultural e espiritual associadas ao Cristo Redentor.<\/span><\/p>\n<p><span style=\"font-weight: 400;\">O projeto n\u00e3o apenas destaca a grandiosidade arquitet\u00f4nica, mas tamb\u00e9m se empenha em documentar e preservar as hist\u00f3rias por tr\u00e1s de sua cria\u00e7\u00e3o. Uma perspectiva \u00fanica e emocional que conecta os visitantes n\u00e3o apenas \u00e0 obra, mas tamb\u00e9m \u00e0 comunidade que a sustenta.<\/span><\/p>\n<p><span style=\"font-weight: 400;\">Al\u00e9m disso, o Cristo Redentor Experience incorpora uma abordagem educacional, oferecendo informa\u00e7\u00f5es detalhadas sobre o contexto hist\u00f3rico, art\u00edstico e religioso que permeia a exist\u00eancia do monumento. Isso visa estimular o entendimento e aprecia\u00e7\u00e3o n\u00e3o apenas do Cristo Redentor, mas tamb\u00e9m da rica heran\u00e7a cultural que o envolve. Essa iniciativa representa um compromisso cont\u00ednuo com a celebra\u00e7\u00e3o e preserva\u00e7\u00e3o da hist\u00f3ria, promovendo um entendimento mais profundo da identidade cultural brasileira e global.<\/span><\/p>\n<\/div><\/section><\/div><div class='av-flex-placeholder'><\/div><div  class='flex_column av-2pu4x-88d67cfc5431bb907749c8171bafda95 av_one_half  avia-builder-el-4  el_after_av_one_half  el_before_av_image  flex_column_table_cell av-equal-height-column av-align-middle  '     ><div  class='avia-video av-m3mzoy81-b81289983428a01a3664537672f67522 avia-video-16-9 av-no-preview-image avia-video-load-always avia-video-html5'  itemprop=\"video\" itemtype=\"https:\/\/schema.org\/VideoObject\"  data-original_url='https:\/\/obrasocialosol.org\/cristoexperience\/cristo15min.mp4'><video class='avia_video'    preload=\"auto\"  controls id='player_89_699752464_1030437037'><source src='https:\/\/obrasocialosol.org\/cristoexperience\/cristo15min.mp4' type='video\/mp4' \/><\/video><\/div><\/div><\/div><!--close column table wrapper. Autoclose: 1 -->\n<style type=\"text\/css\" data-created_by=\"avia_inline_auto\" id=\"style-css-av-lx4gmzkr-bfd1b11dde24721991019ab0183545b4\">\n.avia-image-container.av-lx4gmzkr-bfd1b11dde24721991019ab0183545b4 img.avia_image{\nbox-shadow:none;\n}\n.avia-image-container.av-lx4gmzkr-bfd1b11dde24721991019ab0183545b4 .av-image-caption-overlay-center{\ncolor:#ffffff;\n}\n<\/style>\n<div  class='avia-image-container av-lx4gmzkr-bfd1b11dde24721991019ab0183545b4 av-styling- avia_animated_image av-animated-when-visible-95 right-to-left avia-align-center  avia-builder-el-6  el_after_av_one_half  el_before_av_one_fourth '   itemprop=\"image\" itemscope=\"itemscope\" itemtype=\"https:\/\/schema.org\/ImageObject\" ><div class=\"avia-image-container-inner\"><div class=\"avia-image-overlay-wrap\"><img decoding=\"async\" fetchpriority=\"high\" class='wp-image-3115 avia-img-lazy-loading-not-3115 avia_image ' src=\"https:\/\/obrasocialosol.org\/cristoexperience\/wp-content\/uploads\/2024\/10\/imagem-ilustrativa-2.jpg\" alt='' title='imagem-ilustrativa-2'  height=\"535\" width=\"681\"  itemprop=\"thumbnailUrl\" srcset=\"https:\/\/obrasocialosol.org\/cristoexperience\/wp-content\/uploads\/2024\/10\/imagem-ilustrativa-2.jpg 681w, https:\/\/obrasocialosol.org\/cristoexperience\/wp-content\/uploads\/2024\/10\/imagem-ilustrativa-2-300x236.jpg 300w\" sizes=\"(max-width: 681px) 100vw, 681px\" \/><\/div><\/div><\/div>\n<div class='flex_column_table av-lx4gn9c7-a968ecd4838defe6da87dade66ff3848 sc-av_one_fourth av-equal-height-column-flextable'><div  class='flex_column av-lx4gn9c7-a968ecd4838defe6da87dade66ff3848 av_one_fourth  avia-builder-el-7  el_after_av_image  el_before_av_three_fourth  first flex_column_table_cell av-equal-height-column av-align-middle  '     ><style type=\"text\/css\" data-created_by=\"avia_inline_auto\" id=\"style-css-av-24fgh-adfd15e0030293c63265d59ed487b54a\">\n.avia-image-container.av-24fgh-adfd15e0030293c63265d59ed487b54a img.avia_image{\nbox-shadow:none;\n}\n.avia-image-container.av-24fgh-adfd15e0030293c63265d59ed487b54a .av-image-caption-overlay-center{\ncolor:#ffffff;\n}\n<\/style>\n<div  class='avia-image-container av-24fgh-adfd15e0030293c63265d59ed487b54a av-styling- avia_animated_image av-animated-when-visible-95 left-to-right avia-align-center  avia-builder-el-8  avia-builder-el-no-sibling '   itemprop=\"image\" itemscope=\"itemscope\" itemtype=\"https:\/\/schema.org\/ImageObject\" ><div class=\"avia-image-container-inner\"><div class=\"avia-image-overlay-wrap\"><img decoding=\"async\" fetchpriority=\"high\" class='wp-image-90 avia-img-lazy-loading-not-90 avia_image ' src=\"https:\/\/obrasocialosol.org\/cristoexperience\/wp-content\/uploads\/2024\/06\/Logo-SOL_vertical_semfundo-300x212.png\" alt='' title='Logo SOL_vertical_semfundo'  height=\"212\" width=\"300\"  itemprop=\"thumbnailUrl\" srcset=\"https:\/\/obrasocialosol.org\/cristoexperience\/wp-content\/uploads\/2024\/06\/Logo-SOL_vertical_semfundo-300x212.png 300w, https:\/\/obrasocialosol.org\/cristoexperience\/wp-content\/uploads\/2024\/06\/Logo-SOL_vertical_semfundo-1030x728.png 1030w, https:\/\/obrasocialosol.org\/cristoexperience\/wp-content\/uploads\/2024\/06\/Logo-SOL_vertical_semfundo-768x543.png 768w, https:\/\/obrasocialosol.org\/cristoexperience\/wp-content\/uploads\/2024\/06\/Logo-SOL_vertical_semfundo-1536x1086.png 1536w, https:\/\/obrasocialosol.org\/cristoexperience\/wp-content\/uploads\/2024\/06\/Logo-SOL_vertical_semfundo-2048x1448.png 2048w, https:\/\/obrasocialosol.org\/cristoexperience\/wp-content\/uploads\/2024\/06\/Logo-SOL_vertical_semfundo-1500x1061.png 1500w, https:\/\/obrasocialosol.org\/cristoexperience\/wp-content\/uploads\/2024\/06\/Logo-SOL_vertical_semfundo-260x185.png 260w, https:\/\/obrasocialosol.org\/cristoexperience\/wp-content\/uploads\/2024\/06\/Logo-SOL_vertical_semfundo-705x498.png 705w\" sizes=\"(max-width: 300px) 100vw, 300px\" \/><\/div><\/div><\/div><\/div><div class='av-flex-placeholder'><\/div><div  class='flex_column av-1p0lh-5f898b467a8caea94bcd7e588c3d139d av_three_fourth  avia-builder-el-9  el_after_av_one_fourth  avia-builder-el-last  flex_column_table_cell av-equal-height-column av-align-middle  '     ><style type=\"text\/css\" data-created_by=\"avia_inline_auto\" id=\"style-css-av-lx4gm7rk-db40151b74eb2d4e8c46c61ef41dba47\">\n#top .av_textblock_section.av-lx4gm7rk-db40151b74eb2d4e8c46c61ef41dba47 .avia_textblock{\nfont-size:16px;\n}\n<\/style>\n<section  class='av_textblock_section av-lx4gm7rk-db40151b74eb2d4e8c46c61ef41dba47 '   itemscope=\"itemscope\" itemtype=\"https:\/\/schema.org\/CreativeWork\" ><div class='avia_textblock'  itemprop=\"text\" ><p><b><i>O SOL<\/i><\/b><\/p>\n<p><span style=\"font-weight: 400;\">\u00c9 uma institui\u00e7\u00e3o sem fins lucrativos que, desde 1965, promove e fomenta o desenvolvimento humano por meio da cultura e do artesanato brasileiro. Atrav\u00e9s do aprendizado de t\u00e9cnicas artesanais O SOL acredita que as pessoas podem converter suas habilidades pessoais em em meios de subsist\u00eancia e vida digna.<\/span><\/p>\n<p><span style=\"font-weight: 400;\">O Instituto oferece ensino em t\u00e9cnicas artesanais e cursos de aprimoramento para artes\u00e3os, al\u00e9m de comercializar o artesanato produzido pelos alunos e artes\u00e3os de todo o\u00a0 Brasil. Criada por iniciativa de Maria Thereza Camargo, a Obra Social possui valores b\u00e1sicos focados na promo\u00e7\u00e3o humana e dignidade pelo trabalho; uso das m\u00e3os para atingir a autonomia e valoriza\u00e7\u00e3o da \u201cbrasilidade\u201d.<\/span><\/p>\n<\/div><\/section><\/div><\/div><!--close column table wrapper. Autoclose: 1 -->\n","protected":false},"excerpt":{"rendered":"","protected":false},"author":1,"featured_media":0,"parent":0,"menu_order":0,"comment_status":"closed","ping_status":"closed","template":"","meta":{"nf_dc_page":"","iawp_total_views":2942,"_joinchat":[],"footnotes":""},"class_list":["post-89","page","type-page","status-publish","hentry"],"_links":{"self":[{"href":"https:\/\/obrasocialosol.org\/cristoexperience\/wp-json\/wp\/v2\/pages\/89","targetHints":{"allow":["GET"]}}],"collection":[{"href":"https:\/\/obrasocialosol.org\/cristoexperience\/wp-json\/wp\/v2\/pages"}],"about":[{"href":"https:\/\/obrasocialosol.org\/cristoexperience\/wp-json\/wp\/v2\/types\/page"}],"author":[{"embeddable":true,"href":"https:\/\/obrasocialosol.org\/cristoexperience\/wp-json\/wp\/v2\/users\/1"}],"replies":[{"embeddable":true,"href":"https:\/\/obrasocialosol.org\/cristoexperience\/wp-json\/wp\/v2\/comments?post=89"}],"version-history":[{"count":5,"href":"https:\/\/obrasocialosol.org\/cristoexperience\/wp-json\/wp\/v2\/pages\/89\/revisions"}],"predecessor-version":[{"id":3114,"href":"https:\/\/obrasocialosol.org\/cristoexperience\/wp-json\/wp\/v2\/pages\/89\/revisions\/3114"}],"wp:attachment":[{"href":"https:\/\/obrasocialosol.org\/cristoexperience\/wp-json\/wp\/v2\/media?parent=89"}],"curies":[{"name":"wp","href":"https:\/\/api.w.org\/{rel}","templated":true}]}}