{"id":94,"date":"2024-06-07T09:12:12","date_gmt":"2024-06-07T09:12:12","guid":{"rendered":"https:\/\/institutoredemptor.org\/?page_id=94"},"modified":"2024-10-21T18:49:30","modified_gmt":"2024-10-21T18:49:30","slug":"como-participar","status":"publish","type":"page","link":"https:\/\/obrasocialosol.org\/cristoexperience\/como-participar\/","title":{"rendered":"Como Participar"},"content":{"rendered":"<div id='av_section_1'  class='avia-section av-1ombq-b2ccb6595692a7ff6221c42f492925a6 main_color avia-section-default avia-no-border-styling  avia-builder-el-0  avia-builder-el-no-sibling  avia-bg-style-scroll container_wrap fullsize'  ><div class='container av-section-cont-open' ><main  role=\"main\" itemprop=\"mainContentOfPage\"  class='template-page content  av-content-full alpha units'><div class='post-entry post-entry-type-page post-entry-94'><div class='entry-content-wrapper clearfix'>\n<div class='flex_column_table av-lx4gt5z1-0a6c9ba8519dd284354b36697533add3 sc-av_one_half av-equal-height-column-flextable'><div  class='flex_column av-lx4gt5z1-0a6c9ba8519dd284354b36697533add3 av_one_half  avia-builder-el-1  el_before_av_one_half  avia-builder-el-first  first flex_column_table_cell av-equal-height-column av-align-middle  '     ><p>\n<style type=\"text\/css\" data-created_by=\"avia_inline_auto\" id=\"style-css-av-lx4gpfj0-b83f926b792076929cb30e86135b5adf\">\n#top .av-special-heading.av-lx4gpfj0-b83f926b792076929cb30e86135b5adf{\npadding-bottom:10px;\nfont-size:30px;\n}\nbody .av-special-heading.av-lx4gpfj0-b83f926b792076929cb30e86135b5adf .av-special-heading-tag .heading-char{\nfont-size:25px;\n}\n#top #wrap_all .av-special-heading.av-lx4gpfj0-b83f926b792076929cb30e86135b5adf .av-special-heading-tag{\nfont-size:30px;\n}\n.av-special-heading.av-lx4gpfj0-b83f926b792076929cb30e86135b5adf .av-subheading{\nfont-size:15px;\n}\n\n@media only screen and (min-width: 480px) and (max-width: 767px){ \n#top #wrap_all .av-special-heading.av-lx4gpfj0-b83f926b792076929cb30e86135b5adf .av-special-heading-tag{\nfont-size:0.8em;\n}\n}\n\n@media only screen and (max-width: 479px){ \n#top #wrap_all .av-special-heading.av-lx4gpfj0-b83f926b792076929cb30e86135b5adf .av-special-heading-tag{\nfont-size:0.8em;\n}\n}\n<\/style>\n<div  class='av-special-heading av-lx4gpfj0-b83f926b792076929cb30e86135b5adf av-special-heading-h3 blockquote modern-quote  avia-builder-el-2  el_before_av_textblock  avia-builder-el-first  av-inherit-size'><h3 class='av-special-heading-tag'  itemprop=\"headline\"  >Como Participar<\/h3><div class=\"special-heading-border\"><div class=\"special-heading-inner-border\"><\/div><\/div><\/div><br \/>\n<section  class='av_textblock_section av-lx4gq1f3-8ed90dfd8f420b37aa71ca4c4e2a44f5 '   itemscope=\"itemscope\" itemtype=\"https:\/\/schema.org\/CreativeWork\" ><div class='avia_textblock'  itemprop=\"text\" ><p><span style=\"font-weight: 400;\">Aceitam-se marca\u00e7\u00f5es de visitas guiadas toda Ter\u00e7a, Quinta e Sexta-feiras, com exce\u00e7\u00e3o dos feriados estaduais e nacionais.<\/span><span style=\"font-weight: 400;\"> A previs\u00e3o de dura\u00e7\u00e3o da visita \u00e9 de at\u00e9 cinco horas (considerando a sa\u00edda do local de busca, todo o percurso de visita\u00e7\u00e3o e o retorno para o mesmo local da sa\u00edda).<\/span><\/p>\n<p><span style=\"font-weight: 400;\">&#8211; Todos os participantes dever\u00e3o estar identificados pela institui\u00e7\u00e3o\/escola de origem <\/span><span style=\"font-weight: 400;\">(uniforme e\/ou crach\u00e1 da institui\u00e7\u00e3o).<\/span><\/p>\n<\/div><\/section><br \/>\n<div  class='avia-buttonrow-wrap av-lx4gry7l-2f9780fc4a23053a5281cc6282054808 avia-buttonrow-center  avia-builder-el-4  el_after_av_textblock  avia-builder-el-last '>\n<style type=\"text\/css\" data-created_by=\"avia_inline_auto\" id=\"style-css-av-lx4gqzsk-5-5725576a102f6646573cd4900e0b18aa\">\n#top #wrap_all .avia-button.av-lx4gqzsk-5-5725576a102f6646573cd4900e0b18aa{\nfont-size:16px;\ntransition:all 0.4s ease-in-out;\nmargin-bottom:5px;\nmargin-right:3px;\nmargin-left:3px;\n}\n<\/style>\n<a href='https:\/\/obrasocialosol.org\/cristoexperience\/transporte\/'  class='avia-button av-lx4gqzsk-5-5725576a102f6646573cd4900e0b18aa avia-icon_select-no avia-size-medium avia-color-theme-color'  ><span class='avia_iconbox_title' >A Visita<\/span><\/a>\n<style type=\"text\/css\" data-created_by=\"avia_inline_auto\" id=\"style-css-av-lx4gqzsk-69d9a2cc4244c747cef7f59444fe8677\">\n#top #wrap_all .avia-button.av-lx4gqzsk-69d9a2cc4244c747cef7f59444fe8677{\nfont-size:16px;\ntransition:all 0.4s ease-in-out;\nmargin-bottom:5px;\nmargin-right:3px;\nmargin-left:3px;\n}\n<\/style>\n<a href='https:\/\/obrasocialosol.org\/cristoexperience\/regras\/'  class='avia-button av-lx4gqzsk-69d9a2cc4244c747cef7f59444fe8677 avia-icon_select-no avia-size-medium avia-color-theme-color'  ><span class='avia_iconbox_title' >Regras<\/span><\/a>\n<style type=\"text\/css\" data-created_by=\"avia_inline_auto\" id=\"style-css-av-lx4gqzsk-4-06ecdba92148a2195021a23a63feab65\">\n#top #wrap_all .avia-button.av-lx4gqzsk-4-06ecdba92148a2195021a23a63feab65{\nfont-size:16px;\ntransition:all 0.4s ease-in-out;\nmargin-bottom:5px;\nmargin-right:3px;\nmargin-left:3px;\n}\n<\/style>\n<a href='https:\/\/obrasocialosol.org\/cristoexperience\/?page_id=101'  class='avia-button av-lx4gqzsk-4-06ecdba92148a2195021a23a63feab65 avia-icon_select-no avia-size-medium avia-color-theme-color'  ><span class='avia_iconbox_title' >Formul\u00e1rio de Inscri\u00e7\u00e3o<\/span><\/a>\n<style type=\"text\/css\" data-created_by=\"avia_inline_auto\" id=\"style-css-av-lx4gqzsk-3-7de7c6b811534ddc178bc807334c6fe7\">\n#top #wrap_all .avia-button.av-lx4gqzsk-3-7de7c6b811534ddc178bc807334c6fe7{\nfont-size:16px;\ntransition:all 0.4s ease-in-out;\nmargin-bottom:5px;\nmargin-right:3px;\nmargin-left:3px;\n}\n<\/style>\n<a href='https:\/\/obrasocialosol.org\/cristoexperience\/termo-de-autorizacao\/'  class='avia-button av-lx4gqzsk-3-7de7c6b811534ddc178bc807334c6fe7 avia-icon_select-no avia-size-medium avia-color-theme-color'  ><span class='avia_iconbox_title' >Termo de Autoriza\u00e7\u00e3o<\/span><\/a><\/div><\/p><\/div><div class='av-flex-placeholder'><\/div><div  class='flex_column av-tgc2-d2a5dec34db744c952436bc8afb96f93 av_one_half  avia-builder-el-5  el_after_av_one_half  avia-builder-el-last  flex_column_table_cell av-equal-height-column av-align-middle  '     ><style type=\"text\/css\" data-created_by=\"avia_inline_auto\" id=\"style-css-av-lx4gt0bs-ca0b809e7ff479ab1887018be2fe70af\">\n.avia-image-container.av-lx4gt0bs-ca0b809e7ff479ab1887018be2fe70af img.avia_image{\nbox-shadow:none;\n}\n.avia-image-container.av-lx4gt0bs-ca0b809e7ff479ab1887018be2fe70af .av-image-caption-overlay-center{\ncolor:#ffffff;\n}\n<\/style>\n<div  class='avia-image-container av-lx4gt0bs-ca0b809e7ff479ab1887018be2fe70af av-styling- avia_animated_image av-animated-when-visible-95 right-to-left avia-align-center  avia-builder-el-6  avia-builder-el-no-sibling '   itemprop=\"image\" itemscope=\"itemscope\" itemtype=\"https:\/\/schema.org\/ImageObject\" ><div class=\"avia-image-container-inner\"><div class=\"avia-image-overlay-wrap\"><img decoding=\"async\" fetchpriority=\"high\" class='wp-image-3118 avia-img-lazy-loading-not-3118 avia_image ' src=\"https:\/\/obrasocialosol.org\/cristoexperience\/wp-content\/uploads\/2024\/10\/imagem-ilustrativa-3.jpg\" alt='' title='imagem-ilustrativa-3'  height=\"499\" width=\"1102\"  itemprop=\"thumbnailUrl\" srcset=\"https:\/\/obrasocialosol.org\/cristoexperience\/wp-content\/uploads\/2024\/10\/imagem-ilustrativa-3.jpg 1102w, https:\/\/obrasocialosol.org\/cristoexperience\/wp-content\/uploads\/2024\/10\/imagem-ilustrativa-3-300x136.jpg 300w, https:\/\/obrasocialosol.org\/cristoexperience\/wp-content\/uploads\/2024\/10\/imagem-ilustrativa-3-1030x466.jpg 1030w, https:\/\/obrasocialosol.org\/cristoexperience\/wp-content\/uploads\/2024\/10\/imagem-ilustrativa-3-768x348.jpg 768w, https:\/\/obrasocialosol.org\/cristoexperience\/wp-content\/uploads\/2024\/10\/imagem-ilustrativa-3-705x319.jpg 705w\" sizes=\"(max-width: 1102px) 100vw, 1102px\" \/><\/div><\/div><\/div><\/div><\/div><!--close column table wrapper. Autoclose: 1 -->\n","protected":false},"excerpt":{"rendered":"","protected":false},"author":1,"featured_media":0,"parent":0,"menu_order":0,"comment_status":"closed","ping_status":"closed","template":"","meta":{"nf_dc_page":"","iawp_total_views":9353,"_joinchat":[],"footnotes":""},"class_list":["post-94","page","type-page","status-publish","hentry"],"_links":{"self":[{"href":"https:\/\/obrasocialosol.org\/cristoexperience\/wp-json\/wp\/v2\/pages\/94","targetHints":{"allow":["GET"]}}],"collection":[{"href":"https:\/\/obrasocialosol.org\/cristoexperience\/wp-json\/wp\/v2\/pages"}],"about":[{"href":"https:\/\/obrasocialosol.org\/cristoexperience\/wp-json\/wp\/v2\/types\/page"}],"author":[{"embeddable":true,"href":"https:\/\/obrasocialosol.org\/cristoexperience\/wp-json\/wp\/v2\/users\/1"}],"replies":[{"embeddable":true,"href":"https:\/\/obrasocialosol.org\/cristoexperience\/wp-json\/wp\/v2\/comments?post=94"}],"version-history":[{"count":5,"href":"https:\/\/obrasocialosol.org\/cristoexperience\/wp-json\/wp\/v2\/pages\/94\/revisions"}],"predecessor-version":[{"id":3117,"href":"https:\/\/obrasocialosol.org\/cristoexperience\/wp-json\/wp\/v2\/pages\/94\/revisions\/3117"}],"wp:attachment":[{"href":"https:\/\/obrasocialosol.org\/cristoexperience\/wp-json\/wp\/v2\/media?parent=94"}],"curies":[{"name":"wp","href":"https:\/\/api.w.org\/{rel}","templated":true}]}}