{"id":96,"date":"2024-06-07T09:14:00","date_gmt":"2024-06-07T09:14:00","guid":{"rendered":"https:\/\/institutoredemptor.org\/?page_id=96"},"modified":"2024-08-12T21:32:26","modified_gmt":"2024-08-12T21:32:26","slug":"regras","status":"publish","type":"page","link":"https:\/\/obrasocialosol.org\/cristoexperience\/regras\/","title":{"rendered":"Regras"},"content":{"rendered":"<div id='av_section_1'  class='avia-section av-1ay4c-e497d8bb02b13177e00d6421725b4c09 main_color avia-section-default avia-no-border-styling  avia-builder-el-0  avia-builder-el-no-sibling  avia-bg-style-scroll container_wrap fullsize'  ><div class='container av-section-cont-open' ><main  role=\"main\" itemprop=\"mainContentOfPage\"  class='template-page content  av-content-full alpha units'><div class='post-entry post-entry-type-page post-entry-96'><div class='entry-content-wrapper clearfix'>\n\n<style type=\"text\/css\" data-created_by=\"avia_inline_auto\" id=\"style-css-av-lx4gu33m-327b015cf71582d64d9f94627c2a760b\">\n#top .av-special-heading.av-lx4gu33m-327b015cf71582d64d9f94627c2a760b{\npadding-bottom:10px;\nfont-size:30px;\n}\nbody .av-special-heading.av-lx4gu33m-327b015cf71582d64d9f94627c2a760b .av-special-heading-tag .heading-char{\nfont-size:25px;\n}\n#top #wrap_all .av-special-heading.av-lx4gu33m-327b015cf71582d64d9f94627c2a760b .av-special-heading-tag{\nfont-size:30px;\n}\n.av-special-heading.av-lx4gu33m-327b015cf71582d64d9f94627c2a760b .av-subheading{\nfont-size:15px;\n}\n\n@media only screen and (min-width: 480px) and (max-width: 767px){ \n#top #wrap_all .av-special-heading.av-lx4gu33m-327b015cf71582d64d9f94627c2a760b .av-special-heading-tag{\nfont-size:0.8em;\n}\n}\n\n@media only screen and (max-width: 479px){ \n#top #wrap_all .av-special-heading.av-lx4gu33m-327b015cf71582d64d9f94627c2a760b .av-special-heading-tag{\nfont-size:0.8em;\n}\n}\n<\/style>\n<div  class='av-special-heading av-lx4gu33m-327b015cf71582d64d9f94627c2a760b av-special-heading-h3 blockquote modern-quote  avia-builder-el-1  el_before_av_textblock  avia-builder-el-first  av-inherit-size'><h3 class='av-special-heading-tag'  itemprop=\"headline\"  >Regras<\/h3><div class=\"special-heading-border\"><div class=\"special-heading-inner-border\"><\/div><\/div><\/div>\n\n<style type=\"text\/css\" data-created_by=\"avia_inline_auto\" id=\"style-css-av-lx4gv8mj-36b1d1817524da22ea190983e1b553b8\">\n#top .av_textblock_section.av-lx4gv8mj-36b1d1817524da22ea190983e1b553b8 .avia_textblock{\nfont-size:16px;\n}\n<\/style>\n<section  class='av_textblock_section av-lx4gv8mj-36b1d1817524da22ea190983e1b553b8 '   itemscope=\"itemscope\" itemtype=\"https:\/\/schema.org\/CreativeWork\" ><div class='avia_textblock'  itemprop=\"text\" ><ul>\n<li>A inscri\u00e7\u00e3o \u00e9 gratuita;<\/li>\n<li>Est\u00e3o aptos a se inscrever grupos de at\u00e9 14 pessoas provenientes de projetos e iniciativas sociais e\/ou alunos de escolas p\u00fablicas e privadas;<\/li>\n<li>No caso de menores de 18 anos, cada grupo de 13 crian\u00e7as e\/ou adolescentes dever\u00e1 ser acompanhado por um respons\u00e1vel (professor, educador social ou outro respons\u00e1vel legal maior de 18 anos);<\/li>\n<li>Os interessados a participar do projeto devem preencher o formul\u00e1rio de inscri\u00e7\u00e3o;<\/li>\n<li>O grupo solicitante n\u00e3o poder\u00e1 escolher a data de visita\u00e7\u00e3o. Ela\u00a0ser\u00e1 marcada de acordo com o calend\u00e1rio e disponibilidade do projeto Cristo Redentor Experience;<\/li>\n<li>A inscri\u00e7\u00e3o s\u00f3 ser\u00e1 considerada conclu\u00edda ap\u00f3s o recebimento do formul\u00e1rio e confirma\u00e7\u00e3o por e-mail por parte da equipe do projeto Cristo Redentor Experience.<\/li>\n<li>Ap\u00f3s a inscri\u00e7\u00e3o realizada, a equipe do Cristo Redentor Experience ficar\u00e1 respons\u00e1vel por enviar as instru\u00e7\u00f5es, referente a documenta\u00e7\u00e3o obrigat\u00f3ria a ser encaminhada .<\/li>\n<li>Ficar\u00e1 a cargo do respons\u00e1vel pelo grupo, enviar os documentos obrigat\u00f3rios solicitados pela equipe do Cristo Redentor Experience. Lista nominal com CPF de todos os participantes e o Termo de Autoriza\u00e7\u00e3o de imagem e som. No caso de menores de idade \u00e9 exigida a autoriza\u00e7\u00e3o dos respons\u00e1veis legais do menor;<\/li>\n<li>A visita s\u00f3 se encontrar\u00e1 formalmente marcada ap\u00f3s recebimento completo de documenta\u00e7\u00e3o enviada pela solicitante e com confirma\u00e7\u00e3o, por escrito, parte da equipe do projeto Cristo Redentor Experience;<\/li>\n<li>Em caso de quest\u00f5es clim\u00e1ticas adversas e ou eventos especiais extraordin\u00e1rios a visita ser\u00e1 remarcada;<\/li>\n<li>Os cancelamentos por parte da institui\u00e7\u00e3o inscrita, dever\u00e3o ser comunicados com pelo menos 48 horas de anteced\u00eancia; se tal n\u00e3o acontecer, a institui\u00e7\u00e3o perder\u00e1 o direito de novo agendamento;<\/li>\n<li>\u00c9 indispens\u00e1vel que no dia da visita, o respons\u00e1vel pelo grupo, tenha impresso e em m\u00e3os todos os documentos solicitados, caso contr\u00e1rio a visita n\u00e3o poder\u00e1 ter continuidade.<\/li>\n<li>\u00a0Recomendamos o uso de vestu\u00e1rio adequado tanto por se tratar de uma visita a um Santu\u00e1rio, quanto devido ao clima. (Nas esta\u00e7\u00f5es mais quentes \u00a0use roupas e cal\u00e7ados leves e no outono e inverno agasalho adequado para vento e temperaturas baixas);<\/li>\n<li>\u00c9 proibida qualquer divulga\u00e7\u00e3o partid\u00e1ria ou ato pol\u00edtico-partid\u00e1rio durante todo o percurso da experi\u00eancia;<\/li>\n<li>Todos os participantes receber\u00e3o um kit lanche que ser\u00e1 entregue no O SOL.<\/li>\n<li>Visitas para Pessoas Com Defici\u00eancia (PCD) ser\u00e3o ajustadas de acordo com as especificidades de defici\u00eancia de cada grupo de participantes;<\/li>\n<li>O projeto se compromete a fornecer int\u00e9rprete de libras caso necess\u00e1rio.<\/li>\n<li>A equipe Cristo Redentor Experience far\u00e1 contato com o respons\u00e1vel pela institui\u00e7\u00e3o, at\u00e9 48h antes da visita, para confirmar a previs\u00e3o metereol\u00f3gica.<\/li>\n<\/ul>\n<\/div><\/section>\n\n","protected":false},"excerpt":{"rendered":"","protected":false},"author":1,"featured_media":0,"parent":0,"menu_order":0,"comment_status":"closed","ping_status":"closed","template":"","meta":{"nf_dc_page":"","iawp_total_views":2805,"_joinchat":[],"footnotes":""},"class_list":["post-96","page","type-page","status-publish","hentry"],"_links":{"self":[{"href":"https:\/\/obrasocialosol.org\/cristoexperience\/wp-json\/wp\/v2\/pages\/96","targetHints":{"allow":["GET"]}}],"collection":[{"href":"https:\/\/obrasocialosol.org\/cristoexperience\/wp-json\/wp\/v2\/pages"}],"about":[{"href":"https:\/\/obrasocialosol.org\/cristoexperience\/wp-json\/wp\/v2\/types\/page"}],"author":[{"embeddable":true,"href":"https:\/\/obrasocialosol.org\/cristoexperience\/wp-json\/wp\/v2\/users\/1"}],"replies":[{"embeddable":true,"href":"https:\/\/obrasocialosol.org\/cristoexperience\/wp-json\/wp\/v2\/comments?post=96"}],"version-history":[{"count":5,"href":"https:\/\/obrasocialosol.org\/cristoexperience\/wp-json\/wp\/v2\/pages\/96\/revisions"}],"predecessor-version":[{"id":253,"href":"https:\/\/obrasocialosol.org\/cristoexperience\/wp-json\/wp\/v2\/pages\/96\/revisions\/253"}],"wp:attachment":[{"href":"https:\/\/obrasocialosol.org\/cristoexperience\/wp-json\/wp\/v2\/media?parent=96"}],"curies":[{"name":"wp","href":"https:\/\/api.w.org\/{rel}","templated":true}]}}