{"id":99,"date":"2024-06-07T09:16:22","date_gmt":"2024-06-07T09:16:22","guid":{"rendered":"https:\/\/institutoredemptor.org\/?page_id=99"},"modified":"2024-10-21T18:53:05","modified_gmt":"2024-10-21T18:53:05","slug":"transporte","status":"publish","type":"page","link":"https:\/\/obrasocialosol.org\/cristoexperience\/transporte\/","title":{"rendered":"A Visita"},"content":{"rendered":"<div id='av_section_1'  class='avia-section av-1oawr-a5a4b3fd293b72bd29eaa883cab6579c main_color avia-section-default avia-no-border-styling  avia-builder-el-0  avia-builder-el-no-sibling  avia-bg-style-scroll container_wrap fullsize'  ><div class='container av-section-cont-open' ><main  role=\"main\" itemprop=\"mainContentOfPage\"  class='template-page content  av-content-full alpha units'><div class='post-entry post-entry-type-page post-entry-99'><div class='entry-content-wrapper clearfix'>\n<div class='flex_column_table av-14mt3-3e9ab06295d75140b4cbc4b6d263f399 sc-av_one_half av-equal-height-column-flextable'><div  class='flex_column av-14mt3-3e9ab06295d75140b4cbc4b6d263f399 av_one_half  avia-builder-el-1  el_before_av_one_half  avia-builder-el-first  first flex_column_table_cell av-equal-height-column av-align-middle  '     ><p>\n<style type=\"text\/css\" data-created_by=\"avia_inline_auto\" id=\"style-css-av-lx4gxdkx-4ada33d544f7f56e717580a2882f6924\">\n#top .av-special-heading.av-lx4gxdkx-4ada33d544f7f56e717580a2882f6924{\npadding-bottom:10px;\nfont-size:30px;\n}\nbody .av-special-heading.av-lx4gxdkx-4ada33d544f7f56e717580a2882f6924 .av-special-heading-tag .heading-char{\nfont-size:25px;\n}\n#top #wrap_all .av-special-heading.av-lx4gxdkx-4ada33d544f7f56e717580a2882f6924 .av-special-heading-tag{\nfont-size:30px;\n}\n.av-special-heading.av-lx4gxdkx-4ada33d544f7f56e717580a2882f6924 .av-subheading{\nfont-size:15px;\n}\n\n@media only screen and (min-width: 480px) and (max-width: 767px){ \n#top #wrap_all .av-special-heading.av-lx4gxdkx-4ada33d544f7f56e717580a2882f6924 .av-special-heading-tag{\nfont-size:0.8em;\n}\n}\n\n@media only screen and (max-width: 479px){ \n#top #wrap_all .av-special-heading.av-lx4gxdkx-4ada33d544f7f56e717580a2882f6924 .av-special-heading-tag{\nfont-size:0.8em;\n}\n}\n<\/style>\n<div  class='av-special-heading av-lx4gxdkx-4ada33d544f7f56e717580a2882f6924 av-special-heading-h3 blockquote modern-quote  avia-builder-el-2  el_before_av_textblock  avia-builder-el-first  av-inherit-size'><h3 class='av-special-heading-tag'  itemprop=\"headline\"  >A Visita<\/h3><div class=\"special-heading-border\"><div class=\"special-heading-inner-border\"><\/div><\/div><\/div><br \/>\n\n<style type=\"text\/css\" data-created_by=\"avia_inline_auto\" id=\"style-css-av-lx4gyb95-9852169bad35ac66d362ba47a20cbb3f\">\n#top .av_textblock_section.av-lx4gyb95-9852169bad35ac66d362ba47a20cbb3f .avia_textblock{\nfont-size:16px;\n}\n<\/style>\n<section  class='av_textblock_section av-lx4gyb95-9852169bad35ac66d362ba47a20cbb3f '   itemscope=\"itemscope\" itemtype=\"https:\/\/schema.org\/CreativeWork\" ><div class='avia_textblock'  itemprop=\"text\" ><p><span style=\"font-weight: 400;\">O Cristo Redentor Experience \u00e9 uma imers\u00e3o pela hist\u00f3ria do monumento Cristo <\/span><span style=\"font-weight: 400;\">Redentor proposta pela Obra Social Leste Um, O SOL. Cada visita contemplar\u00e1:<\/span><\/p>\n<ul>\n<li><span style=\"font-weight: 400;\">Transporte, em van de 14 lugares, que sair\u00e1 da institui\u00e7\u00e3o e contemplar\u00e1 as visita\u00e7\u00f5es que compreendem toda a experi\u00eancia;<\/span><\/li>\n<li><span style=\"font-weight: 400;\">Visita \u00e0 sede administrativa do monumento Cristo Redentor, na Obra Social Leste Um, O SOL \u2013 onde acontecer\u00e1 a acolhida dos participantes, uma imers\u00e3o sobre a hist\u00f3ria do monumento Cristo Redentor e entrega de lanche;<\/span><\/li>\n<li><span style=\"font-weight: 400;\">Visita ao monumento Cristo Redentor situado no morro do Corcovado \u2013 onde os participantes poder\u00e3o ver o monumento de perto, conhecer\u00e3o os detalhes e curiosidade de sua constru\u00e7\u00e3o e ter\u00e3o uma experi\u00eancia sensorial na capela Nossa Senhora Aparecida, localizada aos p\u00e9s do Cristo.<\/span><\/li>\n<\/ul>\n<\/div><\/section><\/p><\/div><div class='av-flex-placeholder'><\/div><div  class='flex_column av-av_one_half-54c7a8c687ceac98a88e72175089a99d av_one_half  avia-builder-el-4  el_after_av_one_half  avia-builder-el-last  flex_column_table_cell av-equal-height-column av-align-middle  '     ><style type=\"text\/css\" data-created_by=\"avia_inline_auto\" id=\"style-css-av-m2jdjj3y-a21cf29d8e1d494fce52ba18884f4dda\">\n.avia-image-container.av-m2jdjj3y-a21cf29d8e1d494fce52ba18884f4dda img.avia_image{\nbox-shadow:none;\n}\n.avia-image-container.av-m2jdjj3y-a21cf29d8e1d494fce52ba18884f4dda .av-image-caption-overlay-center{\ncolor:#ffffff;\n}\n<\/style>\n<div  class='avia-image-container av-m2jdjj3y-a21cf29d8e1d494fce52ba18884f4dda av-styling- avia-align-center  avia-builder-el-5  avia-builder-el-no-sibling '   itemprop=\"image\" itemscope=\"itemscope\" itemtype=\"https:\/\/schema.org\/ImageObject\" ><div class=\"avia-image-container-inner\"><div class=\"avia-image-overlay-wrap\"><img decoding=\"async\" fetchpriority=\"high\" class='wp-image-3124 avia-img-lazy-loading-not-3124 avia_image ' src=\"https:\/\/obrasocialosol.org\/cristoexperience\/wp-content\/uploads\/2024\/10\/imagem-ilustrativa-4.jpg\" alt='' title='imagem-ilustrativa-4'  height=\"624\" width=\"1073\"  itemprop=\"thumbnailUrl\" srcset=\"https:\/\/obrasocialosol.org\/cristoexperience\/wp-content\/uploads\/2024\/10\/imagem-ilustrativa-4.jpg 1073w, https:\/\/obrasocialosol.org\/cristoexperience\/wp-content\/uploads\/2024\/10\/imagem-ilustrativa-4-300x174.jpg 300w, https:\/\/obrasocialosol.org\/cristoexperience\/wp-content\/uploads\/2024\/10\/imagem-ilustrativa-4-1030x599.jpg 1030w, https:\/\/obrasocialosol.org\/cristoexperience\/wp-content\/uploads\/2024\/10\/imagem-ilustrativa-4-768x447.jpg 768w, https:\/\/obrasocialosol.org\/cristoexperience\/wp-content\/uploads\/2024\/10\/imagem-ilustrativa-4-705x410.jpg 705w\" sizes=\"(max-width: 1073px) 100vw, 1073px\" \/><\/div><\/div><\/div><\/div><\/div><!--close column table wrapper. Autoclose: 1 -->\n","protected":false},"excerpt":{"rendered":"","protected":false},"author":1,"featured_media":0,"parent":0,"menu_order":0,"comment_status":"closed","ping_status":"closed","template":"","meta":{"nf_dc_page":"","iawp_total_views":3751,"_joinchat":[],"footnotes":""},"class_list":["post-99","page","type-page","status-publish","hentry"],"_links":{"self":[{"href":"https:\/\/obrasocialosol.org\/cristoexperience\/wp-json\/wp\/v2\/pages\/99","targetHints":{"allow":["GET"]}}],"collection":[{"href":"https:\/\/obrasocialosol.org\/cristoexperience\/wp-json\/wp\/v2\/pages"}],"about":[{"href":"https:\/\/obrasocialosol.org\/cristoexperience\/wp-json\/wp\/v2\/types\/page"}],"author":[{"embeddable":true,"href":"https:\/\/obrasocialosol.org\/cristoexperience\/wp-json\/wp\/v2\/users\/1"}],"replies":[{"embeddable":true,"href":"https:\/\/obrasocialosol.org\/cristoexperience\/wp-json\/wp\/v2\/comments?post=99"}],"version-history":[{"count":5,"href":"https:\/\/obrasocialosol.org\/cristoexperience\/wp-json\/wp\/v2\/pages\/99\/revisions"}],"predecessor-version":[{"id":3123,"href":"https:\/\/obrasocialosol.org\/cristoexperience\/wp-json\/wp\/v2\/pages\/99\/revisions\/3123"}],"wp:attachment":[{"href":"https:\/\/obrasocialosol.org\/cristoexperience\/wp-json\/wp\/v2\/media?parent=99"}],"curies":[{"name":"wp","href":"https:\/\/api.w.org\/{rel}","templated":true}]}}